{"id":529,"date":"2021-07-01T13:14:43","date_gmt":"2021-07-01T13:14:43","guid":{"rendered":"https:\/\/griffuscosmetics.com\/?post_type=product&#038;p=529"},"modified":"2026-03-12T12:46:08","modified_gmt":"2026-03-12T12:46:08","slug":"griffus-qer-equilibrium","status":"publish","type":"product","link":"https:\/\/griffuscosmetics.com\/es\/produto\/griffus-qer-equilibrium\/","title":{"rendered":"Griffus Q\u00c9R Equilibrium"},"content":{"rendered":"<p><strong>CONTROLE DE OLEOSIDADE<\/strong><\/p>\n<p>A linha Griffus Q\u00c9R Equilibrium \u00e9 enriquecida com ativos de alto \u00edndice de naturalidade e veganos, que garantem resultados incr\u00edveis para todos os tipos de cabelo. A combina\u00e7\u00e3o<br \/>\nde Extrato de Alecrim, Algas Marinhas e Niacinamida promove a\u00e7\u00e3o adstringente, antioxidante e nutritiva, contribuindo para a melhora da circula\u00e7\u00e3o no couro cabeludo, o controle da oleosidade e o est\u00edmulo ao crescimento de fios mais fortes e saud\u00e1veis. Livre de parabenos, \u00f3leo mineral, petrolatos, silicones, gl\u00faten e corantes.<\/p>","protected":false},"excerpt":{"rendered":"<p>CONTROLE DE OLEOSIDADE A linha Griffus Q\u00c9R Equilibrium \u00e9 enriquecida com ativos de alto \u00edndice de naturalidade e veganos, que garantem resultados incr\u00edveis para todos os tipos de cabelo. A combina\u00e7\u00e3o de Extrato de Alecrim, Algas Marinhas e Niacinamida promove a\u00e7\u00e3o adstringente, antioxidante e nutritiva, contribuindo para a melhora da circula\u00e7\u00e3o no couro cabeludo, o [&hellip;]<\/p>","protected":false},"featured_media":1354,"comment_status":"open","ping_status":"closed","template":"","meta":{"_acf_changed":false,"site-sidebar-layout":"default","site-content-layout":"default","ast-site-content-layout":"default","site-content-style":"default","site-sidebar-style":"default","ast-global-header-display":"","ast-banner-title-visibility":"","ast-main-header-display":"","ast-hfb-above-header-display":"","ast-hfb-below-header-display":"","ast-hfb-mobile-header-display":"","site-post-title":"","ast-breadcrumbs-content":"","ast-featured-img":"","footer-sml-layout":"","ast-disable-related-posts":"","theme-transparent-header-meta":"default","adv-header-id-meta":"","stick-header-meta":"default","header-above-stick-meta":"","header-main-stick-meta":"","header-below-stick-meta":"","astra-migrate-meta-layouts":"set","ast-page-background-enabled":"default","ast-page-background-meta":{"desktop":{"background-color":"","background-image":"","background-repeat":"repeat","background-position":"center center","background-size":"auto","background-attachment":"scroll","background-type":"","background-media":"","overlay-type":"","overlay-color":"","overlay-opacity":"","overlay-gradient":""},"tablet":{"background-color":"","background-image":"","background-repeat":"repeat","background-position":"center center","background-size":"auto","background-attachment":"scroll","background-type":"","background-media":"","overlay-type":"","overlay-color":"","overlay-opacity":"","overlay-gradient":""},"mobile":{"background-color":"","background-image":"","background-repeat":"repeat","background-position":"center center","background-size":"auto","background-attachment":"scroll","background-type":"","background-media":"","overlay-type":"","overlay-color":"","overlay-opacity":"","overlay-gradient":""}},"ast-content-background-meta":{"desktop":{"background-color":"var(--ast-global-color-5)","background-image":"","background-repeat":"repeat","background-position":"center center","background-size":"auto","background-attachment":"scroll","background-type":"","background-media":"","overlay-type":"","overlay-color":"","overlay-opacity":"","overlay-gradient":""},"tablet":{"background-color":"var(--ast-global-color-5)","background-image":"","background-repeat":"repeat","background-position":"center center","background-size":"auto","background-attachment":"scroll","background-type":"","background-media":"","overlay-type":"","overlay-color":"","overlay-opacity":"","overlay-gradient":""},"mobile":{"background-color":"var(--ast-global-color-5)","background-image":"","background-repeat":"repeat","background-position":"center center","background-size":"auto","background-attachment":"scroll","background-type":"","background-media":"","overlay-type":"","overlay-color":"","overlay-opacity":"","overlay-gradient":""}}},"product_brand":[],"product_cat":[32],"product_tag":[56],"class_list":{"0":"post-529","1":"product","2":"type-product","3":"status-publish","4":"has-post-thumbnail","6":"product_cat-qer-beauty-cosmetics","7":"product_tag-brasil","8":"desktop-align-center","9":"tablet-align-center","10":"mobile-align-center","12":"first","13":"instock","14":"shipping-taxable","15":"product-type-simple"},"acf":[],"_links":{"self":[{"href":"https:\/\/griffuscosmetics.com\/es\/wp-json\/wp\/v2\/product\/529","targetHints":{"allow":["GET"]}}],"collection":[{"href":"https:\/\/griffuscosmetics.com\/es\/wp-json\/wp\/v2\/product"}],"about":[{"href":"https:\/\/griffuscosmetics.com\/es\/wp-json\/wp\/v2\/types\/product"}],"replies":[{"embeddable":true,"href":"https:\/\/griffuscosmetics.com\/es\/wp-json\/wp\/v2\/comments?post=529"}],"wp:featuredmedia":[{"embeddable":true,"href":"https:\/\/griffuscosmetics.com\/es\/wp-json\/wp\/v2\/media\/1354"}],"wp:attachment":[{"href":"https:\/\/griffuscosmetics.com\/es\/wp-json\/wp\/v2\/media?parent=529"}],"wp:term":[{"taxonomy":"product_brand","embeddable":true,"href":"https:\/\/griffuscosmetics.com\/es\/wp-json\/wp\/v2\/product_brand?post=529"},{"taxonomy":"product_cat","embeddable":true,"href":"https:\/\/griffuscosmetics.com\/es\/wp-json\/wp\/v2\/product_cat?post=529"},{"taxonomy":"product_tag","embeddable":true,"href":"https:\/\/griffuscosmetics.com\/es\/wp-json\/wp\/v2\/product_tag?post=529"}],"curies":[{"name":"wp","href":"https:\/\/api.w.org\/{rel}","templated":true}]}}