{"id":162,"date":"2020-08-10T08:37:16","date_gmt":"2020-08-10T08:37:16","guid":{"rendered":"https:\/\/griffuscosmetics.com\/about-us\/"},"modified":"2025-12-30T11:50:42","modified_gmt":"2025-12-30T11:50:42","slug":"about-us","status":"publish","type":"page","link":"https:\/\/griffuscosmetics.com\/pt\/about-us\/","title":{"rendered":"Quem Somos"},"content":{"rendered":"<div data-elementor-type=\"wp-page\" data-elementor-id=\"162\" class=\"elementor elementor-162\" data-elementor-post-type=\"page\">\n\t\t\t\t\t\t<section class=\"elementor-section elementor-top-section elementor-element elementor-element-e014697 elementor-section-boxed elementor-section-height-default elementor-section-height-default\" data-id=\"e014697\" data-element_type=\"section\" data-e-type=\"section\" data-settings=\"{&quot;background_background&quot;:&quot;classic&quot;}\">\n\t\t\t\t\t\t<div class=\"elementor-container elementor-column-gap-no\">\n\t\t\t\t\t<div class=\"elementor-column elementor-col-100 elementor-top-column elementor-element elementor-element-94de77c\" data-id=\"94de77c\" data-element_type=\"column\" data-e-type=\"column\">\n\t\t\t<div class=\"elementor-widget-wrap elementor-element-populated\">\n\t\t\t\t\t\t<div class=\"elementor-element elementor-element-c9ede77 elementor-widget elementor-widget-heading\" data-id=\"c9ede77\" data-element_type=\"widget\" data-e-type=\"widget\" data-widget_type=\"heading.default\">\n\t\t\t\t<div class=\"elementor-widget-container\">\n\t\t\t\t\t<h1 class=\"elementor-heading-title elementor-size-default\">Quem Somos<\/h1>\t\t\t\t<\/div>\n\t\t\t\t<\/div>\n\t\t\t\t<div class=\"elementor-element elementor-element-1a96748 elementor-widget elementor-widget-text-editor\" data-id=\"1a96748\" data-element_type=\"widget\" data-e-type=\"widget\" data-widget_type=\"text-editor.default\">\n\t\t\t\t<div class=\"elementor-widget-container\">\n\t\t\t\t\t\t\t\t\t<p>A Griffus Cosmetics foi fundada em 1984 com o compromisso de valorizar a beleza de nossos clientes. Oferecendo produtos de alta rotatividade e com excelente rela\u00e7\u00e3o custo-benef\u00edcio, a marca encanta e conquista os consumidores desde ent\u00e3o.<\/p>\t\t\t\t\t\t\t\t<\/div>\n\t\t\t\t<\/div>\n\t\t\t\t\t<\/div>\n\t\t<\/div>\n\t\t\t\t\t<\/div>\n\t\t<\/section>\n\t\t\t\t<section class=\"elementor-section elementor-top-section elementor-element elementor-element-ab47fa0 elementor-section-content-middle elementor-section-boxed elementor-section-height-default elementor-section-height-default\" data-id=\"ab47fa0\" data-element_type=\"section\" data-e-type=\"section\" data-settings=\"{&quot;background_background&quot;:&quot;gradient&quot;}\">\n\t\t\t\t\t\t<div class=\"elementor-container elementor-column-gap-no\">\n\t\t\t\t\t<div class=\"elementor-column elementor-col-50 elementor-top-column elementor-element elementor-element-0720dae\" data-id=\"0720dae\" data-element_type=\"column\" data-e-type=\"column\">\n\t\t\t<div class=\"elementor-widget-wrap elementor-element-populated\">\n\t\t\t\t\t\t<div class=\"elementor-element elementor-element-91af4df elementor-widget elementor-widget-image\" data-id=\"91af4df\" data-element_type=\"widget\" data-e-type=\"widget\" data-widget_type=\"image.default\">\n\t\t\t\t<div class=\"elementor-widget-container\">\n\t\t\t\t\t\t\t\t\t\t\t\t\t\t\t<img fetchpriority=\"high\" decoding=\"async\" width=\"2238\" height=\"2560\" src=\"https:\/\/griffuscosmetics.com\/wp-content\/uploads\/2025\/12\/IMG_6049-scaled.webp\" class=\"attachment-full size-full wp-image-1185\" alt=\"\" srcset=\"https:\/\/griffuscosmetics.com\/wp-content\/uploads\/2025\/12\/IMG_6049-scaled.webp 2238w, https:\/\/griffuscosmetics.com\/wp-content\/uploads\/2025\/12\/IMG_6049-262x300.webp 262w, https:\/\/griffuscosmetics.com\/wp-content\/uploads\/2025\/12\/IMG_6049-895x1024.webp 895w, https:\/\/griffuscosmetics.com\/wp-content\/uploads\/2025\/12\/IMG_6049-768x878.webp 768w, https:\/\/griffuscosmetics.com\/wp-content\/uploads\/2025\/12\/IMG_6049-1343x1536.webp 1343w, https:\/\/griffuscosmetics.com\/wp-content\/uploads\/2025\/12\/IMG_6049-1790x2048.webp 1790w, https:\/\/griffuscosmetics.com\/wp-content\/uploads\/2025\/12\/IMG_6049-800x915.webp 800w\" sizes=\"(max-width: 2238px) 100vw, 2238px\" \/>\t\t\t\t\t\t\t\t\t\t\t\t\t\t\t<\/div>\n\t\t\t\t<\/div>\n\t\t\t\t\t<\/div>\n\t\t<\/div>\n\t\t\t\t<div class=\"elementor-column elementor-col-50 elementor-top-column elementor-element elementor-element-7460864\" data-id=\"7460864\" data-element_type=\"column\" data-e-type=\"column\">\n\t\t\t<div class=\"elementor-widget-wrap elementor-element-populated\">\n\t\t\t\t\t\t<div class=\"elementor-element elementor-element-deef86d elementor-widget elementor-widget-image\" data-id=\"deef86d\" data-element_type=\"widget\" data-e-type=\"widget\" data-widget_type=\"image.default\">\n\t\t\t\t<div class=\"elementor-widget-container\">\n\t\t\t\t\t\t\t\t\t\t\t\t\t\t\t<img decoding=\"async\" width=\"1707\" height=\"2560\" src=\"https:\/\/griffuscosmetics.com\/wp-content\/uploads\/2025\/12\/IMG_6133-scaled.webp\" class=\"attachment-full size-full wp-image-1186\" alt=\"\" srcset=\"https:\/\/griffuscosmetics.com\/wp-content\/uploads\/2025\/12\/IMG_6133-scaled.webp 1707w, https:\/\/griffuscosmetics.com\/wp-content\/uploads\/2025\/12\/IMG_6133-200x300.webp 200w, https:\/\/griffuscosmetics.com\/wp-content\/uploads\/2025\/12\/IMG_6133-683x1024.webp 683w, https:\/\/griffuscosmetics.com\/wp-content\/uploads\/2025\/12\/IMG_6133-768x1152.webp 768w, https:\/\/griffuscosmetics.com\/wp-content\/uploads\/2025\/12\/IMG_6133-1024x1536.webp 1024w, https:\/\/griffuscosmetics.com\/wp-content\/uploads\/2025\/12\/IMG_6133-1365x2048.webp 1365w, https:\/\/griffuscosmetics.com\/wp-content\/uploads\/2025\/12\/IMG_6133-800x1200.webp 800w\" sizes=\"(max-width: 1707px) 100vw, 1707px\" \/>\t\t\t\t\t\t\t\t\t\t\t\t\t\t\t<\/div>\n\t\t\t\t<\/div>\n\t\t\t\t<div class=\"elementor-element elementor-element-10d4a77 elementor-widget elementor-widget-testimonial\" data-id=\"10d4a77\" data-element_type=\"widget\" data-e-type=\"widget\" data-widget_type=\"testimonial.default\">\n\t\t\t\t<div class=\"elementor-widget-container\">\n\t\t\t\t\t\t\t<div class=\"elementor-testimonial-wrapper\">\n\t\t\t\t\t\t\t<div class=\"elementor-testimonial-content\">Em 2004, a marca foi adquirida e passou a ser administrada pelo ent\u00e3o Diretor Presidente da Ind\u00fastria de Cosm\u00e9ticos e Com\u00e9rcio do Estado do Esp\u00edrito Santo Ltda, Sr.\/Sra. Malsimar Malacarne. Com mais de 30 anos de experi\u00eancia no mercado de beleza, investindo em pesquisas e novas tecnologias para levar aos clientes produtos inovadores e de alta qualidade por meio de linhas completas para tratamento capilar e corporal. Atualmente, a Griffus Cosmetics desenvolve e produz um mix diversificado com mais de 200 produtos, comercializados em mais de quinze estados brasileiros.<\/div>\n\t\t\t\n\t\t\t\t\t<\/div>\n\t\t\t\t\t\t<\/div>\n\t\t\t\t<\/div>\n\t\t\t\t\t<\/div>\n\t\t<\/div>\n\t\t\t\t\t<\/div>\n\t\t<\/section>\n\t\t\t\t<section class=\"elementor-section elementor-top-section elementor-element elementor-element-ba39c2a elementor-section-boxed elementor-section-height-default elementor-section-height-default\" data-id=\"ba39c2a\" data-element_type=\"section\" data-e-type=\"section\" data-settings=\"{&quot;background_background&quot;:&quot;classic&quot;}\">\n\t\t\t\t\t\t\t<div class=\"elementor-background-overlay\"><\/div>\n\t\t\t\t\t\t\t<div class=\"elementor-container elementor-column-gap-no\">\n\t\t\t\t\t<div class=\"elementor-column elementor-col-100 elementor-top-column elementor-element elementor-element-e884f4a\" data-id=\"e884f4a\" data-element_type=\"column\" data-e-type=\"column\" data-settings=\"{&quot;background_background&quot;:&quot;classic&quot;}\">\n\t\t\t<div class=\"elementor-widget-wrap elementor-element-populated\">\n\t\t\t\t\t\t<div class=\"elementor-element elementor-element-10d6e67 elementor-widget__width-initial elementor-widget-mobile__width-initial elementor-widget elementor-widget-counter\" data-id=\"10d6e67\" data-element_type=\"widget\" data-e-type=\"widget\" data-widget_type=\"counter.default\">\n\t\t\t\t<div class=\"elementor-widget-container\">\n\t\t\t\t\t\t\t<div class=\"elementor-counter\">\n\t\t\t<div class=\"elementor-counter-title\">FOUNDED<\/div>\t\t\t<div class=\"elementor-counter-number-wrapper\">\n\t\t\t\t<span class=\"elementor-counter-number-prefix\"><\/span>\n\t\t\t\t<span class=\"elementor-counter-number\" data-duration=\"2000\" data-to-value=\"1984\" data-from-value=\"0\">0<\/span>\n\t\t\t\t<span class=\"elementor-counter-number-suffix\"><\/span>\n\t\t\t<\/div>\n\t\t<\/div>\n\t\t\t\t\t\t<\/div>\n\t\t\t\t<\/div>\n\t\t\t\t<div class=\"elementor-element elementor-element-b654ff0 elementor-widget__width-initial elementor-widget-mobile__width-initial elementor-widget elementor-widget-counter\" data-id=\"b654ff0\" data-element_type=\"widget\" data-e-type=\"widget\" data-widget_type=\"counter.default\">\n\t\t\t\t<div class=\"elementor-widget-container\">\n\t\t\t\t\t\t\t<div class=\"elementor-counter\">\n\t\t\t<div class=\"elementor-counter-title\">EMPLOYEE<\/div>\t\t\t<div class=\"elementor-counter-number-wrapper\">\n\t\t\t\t<span class=\"elementor-counter-number-prefix\"><\/span>\n\t\t\t\t<span class=\"elementor-counter-number\" data-duration=\"2000\" data-to-value=\"200\" data-from-value=\"0\">0<\/span>\n\t\t\t\t<span class=\"elementor-counter-number-suffix\">+<\/span>\n\t\t\t<\/div>\n\t\t<\/div>\n\t\t\t\t\t\t<\/div>\n\t\t\t\t<\/div>\n\t\t\t\t<div class=\"elementor-element elementor-element-1497222 elementor-widget__width-initial elementor-widget-mobile__width-initial elementor-widget elementor-widget-counter\" data-id=\"1497222\" data-element_type=\"widget\" data-e-type=\"widget\" data-widget_type=\"counter.default\">\n\t\t\t\t<div class=\"elementor-widget-container\">\n\t\t\t\t\t\t\t<div class=\"elementor-counter\">\n\t\t\t<div class=\"elementor-counter-title\">PRODUCTS<\/div>\t\t\t<div class=\"elementor-counter-number-wrapper\">\n\t\t\t\t<span class=\"elementor-counter-number-prefix\"><\/span>\n\t\t\t\t<span class=\"elementor-counter-number\" data-duration=\"2000\" data-to-value=\"300\" data-from-value=\"0\">0<\/span>\n\t\t\t\t<span class=\"elementor-counter-number-suffix\">+<\/span>\n\t\t\t<\/div>\n\t\t<\/div>\n\t\t\t\t\t\t<\/div>\n\t\t\t\t<\/div>\n\t\t\t\t<div class=\"elementor-element elementor-element-a74e543 elementor-widget__width-initial elementor-widget-mobile__width-initial elementor-widget elementor-widget-counter\" data-id=\"a74e543\" data-element_type=\"widget\" data-e-type=\"widget\" data-widget_type=\"counter.default\">\n\t\t\t\t<div class=\"elementor-widget-container\">\n\t\t\t\t\t\t\t<div class=\"elementor-counter\">\n\t\t\t<div class=\"elementor-counter-title\">POINTS OF SALES<\/div>\t\t\t<div class=\"elementor-counter-number-wrapper\">\n\t\t\t\t<span class=\"elementor-counter-number-prefix\"><\/span>\n\t\t\t\t<span class=\"elementor-counter-number\" data-duration=\"2000\" data-to-value=\"1000\" data-from-value=\"0\">0<\/span>\n\t\t\t\t<span class=\"elementor-counter-number-suffix\">+<\/span>\n\t\t\t<\/div>\n\t\t<\/div>\n\t\t\t\t\t\t<\/div>\n\t\t\t\t<\/div>\n\t\t\t\t\t<\/div>\n\t\t<\/div>\n\t\t\t\t\t<\/div>\n\t\t<\/section>\n\t\t\t\t<section class=\"elementor-section elementor-top-section elementor-element elementor-element-b27be6b elementor-section-boxed elementor-section-height-default elementor-section-height-default\" data-id=\"b27be6b\" data-element_type=\"section\" data-e-type=\"section\" data-settings=\"{&quot;background_background&quot;:&quot;gradient&quot;}\">\n\t\t\t\t\t\t<div class=\"elementor-container elementor-column-gap-no\">\n\t\t\t\t\t<div class=\"elementor-column elementor-col-100 elementor-top-column elementor-element elementor-element-fe68854\" data-id=\"fe68854\" data-element_type=\"column\" data-e-type=\"column\">\n\t\t\t<div class=\"elementor-widget-wrap elementor-element-populated\">\n\t\t\t\t\t\t<div class=\"elementor-element elementor-element-f304a3f elementor-widget elementor-widget-text-editor\" data-id=\"f304a3f\" data-element_type=\"widget\" data-e-type=\"widget\" data-widget_type=\"text-editor.default\">\n\t\t\t\t<div class=\"elementor-widget-container\">\n\t\t\t\t\t\t\t\t\t<p>Estrategicamente posicionada, pr\u00f3xima aos portos de Vit\u00f3ria-ES e \u00e0s rodovias federais BR 101 e 262, sua linha de produ\u00e7\u00e3o possui sede pr\u00f3pria dividida em tr\u00eas andares. Com uma estrutura moderna e devidamente adaptada, est\u00e1 preparada para atender rapidamente uma produ\u00e7\u00e3o de 500 toneladas mensais, seguindo todos os padr\u00f5es de qualidade.<\/p>\t\t\t\t\t\t\t\t<\/div>\n\t\t\t\t<\/div>\n\t\t\t\t<div class=\"elementor-element elementor-element-19fc772 elementor-widget elementor-widget-text-editor\" data-id=\"19fc772\" data-element_type=\"widget\" data-e-type=\"widget\" data-widget_type=\"text-editor.default\">\n\t\t\t\t<div class=\"elementor-widget-container\">\n\t\t\t\t\t\t\t\t\t<p>A Griffus Cosm\u00e9ticos \u00e9 uma empresa que trabalha continuamente em inova\u00e7\u00e3o, atingindo o percentual de 94% de seu portf\u00f3lio com o selo Peta Cruelty-Free e Vegan, que \u00e9 uma certifica\u00e7\u00e3o que garante que nossos produtos s\u00e3o livres de quaisquer ingredientes de origem animal. Portanto, nossos fornecedores s\u00e3o selecionados de acordo com esses mesmos crit\u00e9rios de comprometimento e qualidade ambiental.<\/p><p>N\u00c3O TESTADO EM ANIMAIS.<\/p><p>Nossa meta e compromisso \u00e9 atingir 100% do nosso portf\u00f3lio com esta certifica\u00e7\u00e3o nos pr\u00f3ximos 12 meses. O resultado da marca Griffus Cosm\u00e9ticos \u00e9 reflexo de estudos espec\u00edficos altamente preocupados em trazer elementos que agreguem alto desempenho e bem-estar, minimizando os danos ao planeta.<\/p><p>Um verdadeiro equil\u00edbrio entre ci\u00eancia e natureza, elementos e pessoas, estilo e emo\u00e7\u00e3o. Priorizando a natureza e seus recursos, a empresa tamb\u00e9m tem investido em a\u00e7\u00f5es que visam o descarte sustent\u00e1vel de embalagens p\u00f3s-consumo, assim, nossos frascos s\u00e3o biodegrad\u00e1veis, um problema global preocupante que afeta diretamente o meio ambiente. Para isso, a marca em parceria com o projeto Eu Reciclo, por meio de um processo de compensa\u00e7\u00e3o ambiental, retira as embalagens do mercado por meio de log\u00edstica reversa e as aloca de forma adequada.<\/p><p>Tudo isso tem refletido favoravelmente no aumento da empregabilidade, bem como na melhoria da renda e, principalmente, na inclus\u00e3o social, uma vez que tem colaborado com cooperativas de catadores de materiais recicl\u00e1veis. Dessa forma, a Griffus assume o compromisso de desenvolver produtos com aten\u00e7\u00e3o e preocupa\u00e7\u00e3o com o usu\u00e1rio e a natureza, produzindo cosm\u00e9ticos de qualidade e fabricando produtos que garantam experi\u00eancias positivas de consumo, al\u00e9m de entregar qualidade e tecnologia alinhadas \u00e0s aspira\u00e7\u00f5es sociais de sustentabilidade.<\/p><p>Acredita que a preserva\u00e7\u00e3o do meio ambiente e a responsabilidade por um mundo melhor dependem, exclusivamente, das nossas atitudes. Seja quem for, seja incr\u00edvel.<\/p>\t\t\t\t\t\t\t\t<\/div>\n\t\t\t\t<\/div>\n\t\t\t\t<section class=\"elementor-section elementor-inner-section elementor-element elementor-element-022e281 elementor-section-boxed elementor-section-height-default elementor-section-height-default\" data-id=\"022e281\" data-element_type=\"section\" data-e-type=\"section\">\n\t\t\t\t\t\t<div class=\"elementor-container elementor-column-gap-no\">\n\t\t\t\t\t<div class=\"elementor-column elementor-col-50 elementor-inner-column elementor-element elementor-element-89780b8\" data-id=\"89780b8\" data-element_type=\"column\" data-e-type=\"column\">\n\t\t\t<div class=\"elementor-widget-wrap elementor-element-populated\">\n\t\t\t\t\t\t<div class=\"elementor-element elementor-element-7b6dc9c elementor-position-inline-start elementor-view-default elementor-mobile-position-block-start elementor-widget elementor-widget-icon-box\" data-id=\"7b6dc9c\" data-element_type=\"widget\" data-e-type=\"widget\" data-widget_type=\"icon-box.default\">\n\t\t\t\t<div class=\"elementor-widget-container\">\n\t\t\t\t\t\t\t<div class=\"elementor-icon-box-wrapper\">\n\n\t\t\t\t\t\t<div class=\"elementor-icon-box-icon\">\n\t\t\t\t<span  class=\"elementor-icon\">\n\t\t\t\t<i aria-hidden=\"true\" class=\"fas fa-couch\"><\/i>\t\t\t\t<\/span>\n\t\t\t<\/div>\n\t\t\t\n\t\t\t\t\t\t<div class=\"elementor-icon-box-content\">\n\n\t\t\t\t\t\t\t\t\t<h5 class=\"elementor-icon-box-title\">\n\t\t\t\t\t\t<span  >\n\t\t\t\t\t\t\tMiss\u00e3o\t\t\t\t\t\t<\/span>\n\t\t\t\t\t<\/h5>\n\t\t\t\t\n\t\t\t\t\t\t\t\t\t<p class=\"elementor-icon-box-description\">\n\t\t\t\t\t\tNosso prop\u00f3sito \u00e9 promover o bem-estar e real\u00e7ar a beleza \u00fanica de cada pessoa, inspirando-a a se sentir incr\u00edvel a cada dia.\t\t\t\t\t<\/p>\n\t\t\t\t\n\t\t\t<\/div>\n\t\t\t\n\t\t<\/div>\n\t\t\t\t\t\t<\/div>\n\t\t\t\t<\/div>\n\t\t\t\t<div class=\"elementor-element elementor-element-ee5d261 elementor-position-inline-start elementor-view-default elementor-mobile-position-block-start elementor-widget elementor-widget-icon-box\" data-id=\"ee5d261\" data-element_type=\"widget\" data-e-type=\"widget\" data-widget_type=\"icon-box.default\">\n\t\t\t\t<div class=\"elementor-widget-container\">\n\t\t\t\t\t\t\t<div class=\"elementor-icon-box-wrapper\">\n\n\t\t\t\t\t\t<div class=\"elementor-icon-box-icon\">\n\t\t\t\t<span  class=\"elementor-icon\">\n\t\t\t\t<i aria-hidden=\"true\" class=\"fas fa-wallet\"><\/i>\t\t\t\t<\/span>\n\t\t\t<\/div>\n\t\t\t\n\t\t\t\t\t\t<div class=\"elementor-icon-box-content\">\n\n\t\t\t\t\t\t\t\t\t<h5 class=\"elementor-icon-box-title\">\n\t\t\t\t\t\t<span  >\n\t\t\t\t\t\t\tVis\u00e3o\t\t\t\t\t\t<\/span>\n\t\t\t\t\t<\/h5>\n\t\t\t\t\n\t\t\t\t\t\t\t\t\t<p class=\"elementor-icon-box-description\">\n\t\t\t\t\t\tSer a marca preferida dos nossos consumidores, reconhecida pela excel\u00eancia em todos os aspectos: como uma empresa comprometida com a\u00e7\u00f5es nobres, projetos impactantes e qualidade diferenciada. Buscamos ser refer\u00eancia e inspira\u00e7\u00e3o no desenvolvimento, fabrica\u00e7\u00e3o e distribui\u00e7\u00e3o de produtos e marcas, buscando constantemente inova\u00e7\u00e3o e criando solu\u00e7\u00f5es que melhorem a vida das pessoas.\t\t\t\t\t<\/p>\n\t\t\t\t\n\t\t\t<\/div>\n\t\t\t\n\t\t<\/div>\n\t\t\t\t\t\t<\/div>\n\t\t\t\t<\/div>\n\t\t\t\t<div class=\"elementor-element elementor-element-c513bc6 elementor-position-inline-start elementor-view-default elementor-mobile-position-block-start elementor-widget elementor-widget-icon-box\" data-id=\"c513bc6\" data-element_type=\"widget\" data-e-type=\"widget\" data-widget_type=\"icon-box.default\">\n\t\t\t\t<div class=\"elementor-widget-container\">\n\t\t\t\t\t\t\t<div class=\"elementor-icon-box-wrapper\">\n\n\t\t\t\t\t\t<div class=\"elementor-icon-box-icon\">\n\t\t\t\t<span  class=\"elementor-icon\">\n\t\t\t\t<i aria-hidden=\"true\" class=\"fas fa-truck\"><\/i>\t\t\t\t<\/span>\n\t\t\t<\/div>\n\t\t\t\n\t\t\t\t\t\t<div class=\"elementor-icon-box-content\">\n\n\t\t\t\t\t\t\t\t\t<h5 class=\"elementor-icon-box-title\">\n\t\t\t\t\t\t<span  >\n\t\t\t\t\t\t\tValores\t\t\t\t\t\t<\/span>\n\t\t\t\t\t<\/h5>\n\t\t\t\t\n\t\t\t\t\t\t\t\t\t<p class=\"elementor-icon-box-description\">\n\t\t\t\t\t\t- ATITUDE<br>- GENEROSIDADE <br>- DETERMINA\u00c7\u00c3O<br>- AUTENTICIDADE\t\t\t\t\t<\/p>\n\t\t\t\t\n\t\t\t<\/div>\n\t\t\t\n\t\t<\/div>\n\t\t\t\t\t\t<\/div>\n\t\t\t\t<\/div>\n\t\t\t\t\t<\/div>\n\t\t<\/div>\n\t\t\t\t<div class=\"elementor-column elementor-col-50 elementor-inner-column elementor-element elementor-element-3410dd7\" data-id=\"3410dd7\" data-element_type=\"column\" data-e-type=\"column\">\n\t\t\t<div class=\"elementor-widget-wrap elementor-element-populated\">\n\t\t\t\t\t\t<div class=\"elementor-element elementor-element-7c91763 elementor-widget elementor-widget-video\" data-id=\"7c91763\" data-element_type=\"widget\" data-e-type=\"widget\" data-settings=\"{&quot;video_type&quot;:&quot;hosted&quot;,&quot;show_image_overlay&quot;:&quot;yes&quot;,&quot;image_overlay&quot;:{&quot;url&quot;:&quot;https:\\\/\\\/griffuscosmetics.com\\\/wp-content\\\/uploads\\\/2025\\\/12\\\/IMG_6157-1-scaled.webp&quot;,&quot;id&quot;:1190,&quot;size&quot;:&quot;&quot;,&quot;alt&quot;:&quot;&quot;,&quot;source&quot;:&quot;library&quot;},&quot;controls&quot;:&quot;yes&quot;}\" data-widget_type=\"video.default\">\n\t\t\t\t<div class=\"elementor-widget-container\">\n\t\t\t\t\t\t\t<div class=\"e-hosted-video elementor-wrapper elementor-open-inline\">\n\t\t\t\t\t<video class=\"elementor-video\" src=\"https:\/\/griffuscosmetics.com\/wp-content\/uploads\/2025\/12\/institucional.mp4\" controls=\"\" preload=\"metadata\" controlslist=\"nodownload\"><\/video>\n\t\t\t\t\t\t<div class=\"elementor-custom-embed-image-overlay\" style=\"background-image: url(https:\/\/griffuscosmetics.com\/wp-content\/uploads\/2025\/12\/IMG_6157-1-scaled.webp);\">\n\t\t\t\t\t\t\t\t\t\t\t\t\t\t\t\t<div class=\"elementor-custom-embed-play\" role=\"button\" aria-label=\"Play Video\" tabindex=\"0\">\n\t\t\t\t\t\t\t<i aria-hidden=\"true\" class=\"eicon-play\"><\/i>\t\t\t\t\t\t<\/div>\n\t\t\t\t\t\t\t\t\t<\/div>\n\t\t\t\t\t<\/div>\n\t\t\t\t\t\t<\/div>\n\t\t\t\t<\/div>\n\t\t\t\t\t<\/div>\n\t\t<\/div>\n\t\t\t\t\t<\/div>\n\t\t<\/section>\n\t\t\t\t\t<\/div>\n\t\t<\/div>\n\t\t\t\t\t<\/div>\n\t\t<\/section>\n\t\t\t\t<\/div>","protected":false},"excerpt":{"rendered":"<p>About Us Griffus Cosmetics was founded in 1984 with the commitment to value the beauty in our costumers. Offering high turnover products and with an excellent cost-benefit ratio, the brand has charmed and won over consumers ever since. In 2004, the brand was acquired and started to be administered by the then CEO of the [&hellip;]<\/p>","protected":false},"author":1,"featured_media":0,"parent":0,"menu_order":0,"comment_status":"closed","ping_status":"closed","template":"","meta":{"_acf_changed":false,"site-sidebar-layout":"no-sidebar","site-content-layout":"page-builder","ast-site-content-layout":"default","site-content-style":"default","site-sidebar-style":"default","ast-global-header-display":"","ast-banner-title-visibility":"","ast-main-header-display":"","ast-hfb-above-header-display":"","ast-hfb-below-header-display":"","ast-hfb-mobile-header-display":"","site-post-title":"disabled","ast-breadcrumbs-content":"","ast-featured-img":"disabled","footer-sml-layout":"","ast-disable-related-posts":"","theme-transparent-header-meta":"default","adv-header-id-meta":"","stick-header-meta":"","header-above-stick-meta":"","header-main-stick-meta":"","header-below-stick-meta":"","astra-migrate-meta-layouts":"default","ast-page-background-enabled":"default","ast-page-background-meta":{"desktop":{"background-color":"","background-image":"","background-repeat":"repeat","background-position":"center center","background-size":"auto","background-attachment":"scroll","background-type":"","background-media":"","overlay-type":"","overlay-color":"","overlay-opacity":"","overlay-gradient":""},"tablet":{"background-color":"","background-image":"","background-repeat":"repeat","background-position":"center center","background-size":"auto","background-attachment":"scroll","background-type":"","background-media":"","overlay-type":"","overlay-color":"","overlay-opacity":"","overlay-gradient":""},"mobile":{"background-color":"","background-image":"","background-repeat":"repeat","background-position":"center center","background-size":"auto","background-attachment":"scroll","background-type":"","background-media":"","overlay-type":"","overlay-color":"","overlay-opacity":"","overlay-gradient":""}},"ast-content-background-meta":{"desktop":{"background-color":"var(--ast-global-color-5)","background-image":"","background-repeat":"repeat","background-position":"center center","background-size":"auto","background-attachment":"scroll","background-type":"","background-media":"","overlay-type":"","overlay-color":"","overlay-opacity":"","overlay-gradient":""},"tablet":{"background-color":"var(--ast-global-color-5)","background-image":"","background-repeat":"repeat","background-position":"center center","background-size":"auto","background-attachment":"scroll","background-type":"","background-media":"","overlay-type":"","overlay-color":"","overlay-opacity":"","overlay-gradient":""},"mobile":{"background-color":"var(--ast-global-color-5)","background-image":"","background-repeat":"repeat","background-position":"center center","background-size":"auto","background-attachment":"scroll","background-type":"","background-media":"","overlay-type":"","overlay-color":"","overlay-opacity":"","overlay-gradient":""}},"footnotes":""},"class_list":["post-162","page","type-page","status-publish","hentry"],"acf":[],"_links":{"self":[{"href":"https:\/\/griffuscosmetics.com\/pt\/wp-json\/wp\/v2\/pages\/162","targetHints":{"allow":["GET"]}}],"collection":[{"href":"https:\/\/griffuscosmetics.com\/pt\/wp-json\/wp\/v2\/pages"}],"about":[{"href":"https:\/\/griffuscosmetics.com\/pt\/wp-json\/wp\/v2\/types\/page"}],"author":[{"embeddable":true,"href":"https:\/\/griffuscosmetics.com\/pt\/wp-json\/wp\/v2\/users\/1"}],"replies":[{"embeddable":true,"href":"https:\/\/griffuscosmetics.com\/pt\/wp-json\/wp\/v2\/comments?post=162"}],"version-history":[{"count":34,"href":"https:\/\/griffuscosmetics.com\/pt\/wp-json\/wp\/v2\/pages\/162\/revisions"}],"predecessor-version":[{"id":1303,"href":"https:\/\/griffuscosmetics.com\/pt\/wp-json\/wp\/v2\/pages\/162\/revisions\/1303"}],"wp:attachment":[{"href":"https:\/\/griffuscosmetics.com\/pt\/wp-json\/wp\/v2\/media?parent=162"}],"curies":[{"name":"wp","href":"https:\/\/api.w.org\/{rel}","templated":true}]}}