{"id":490,"date":"2021-07-01T12:21:05","date_gmt":"2021-07-01T12:21:05","guid":{"rendered":"https:\/\/griffuscosmetics.com\/?post_type=product&#038;p=490"},"modified":"2026-03-12T12:43:01","modified_gmt":"2026-03-12T12:43:01","slug":"cronograma-capilar-griffus-qer","status":"publish","type":"product","link":"https:\/\/griffuscosmetics.com\/pt\/produto\/cronograma-capilar-griffus-qer\/","title":{"rendered":"Cronograma Capilar Griffus Q\u00c9R"},"content":{"rendered":"<p>O Cronograma Capilar Griffus Q\u00c9R oferece um tratamento completo para os fios, proporcionando hidrata\u00e7\u00e3o, nutri\u00e7\u00e3o e fortalecimento para cabelos mais saud\u00e1veis. Livre de parabenos, corantes artificiais, \u00f3leo mineral e silicone, \u00e9 liberado para todas as t\u00e9cnicas. Al\u00e9m disso, \u00e9 100% vegano \u2014 n\u00e3o testado em animais e totalmente livre de ingredientes de origem animal.<\/p>","protected":false},"excerpt":{"rendered":"<p>O Cronograma Capilar Griffus Q\u00c9R oferece um tratamento completo para os fios, proporcionando hidrata\u00e7\u00e3o, nutri\u00e7\u00e3o e fortalecimento para cabelos mais saud\u00e1veis. Livre de parabenos, corantes artificiais, \u00f3leo mineral e silicone, \u00e9 liberado para todas as t\u00e9cnicas. Al\u00e9m disso, \u00e9 100% vegano \u2014 n\u00e3o testado em animais e totalmente livre de ingredientes de origem animal.<\/p>","protected":false},"featured_media":1351,"comment_status":"open","ping_status":"closed","template":"","meta":{"_acf_changed":false,"site-sidebar-layout":"default","site-content-layout":"default","ast-site-content-layout":"default","site-content-style":"default","site-sidebar-style":"default","ast-global-header-display":"","ast-banner-title-visibility":"","ast-main-header-display":"","ast-hfb-above-header-display":"","ast-hfb-below-header-display":"","ast-hfb-mobile-header-display":"","site-post-title":"","ast-breadcrumbs-content":"","ast-featured-img":"","footer-sml-layout":"","ast-disable-related-posts":"","theme-transparent-header-meta":"default","adv-header-id-meta":"","stick-header-meta":"default","header-above-stick-meta":"","header-main-stick-meta":"","header-below-stick-meta":"","astra-migrate-meta-layouts":"set","ast-page-background-enabled":"default","ast-page-background-meta":{"desktop":{"background-color":"","background-image":"","background-repeat":"repeat","background-position":"center center","background-size":"auto","background-attachment":"scroll","background-type":"","background-media":"","overlay-type":"","overlay-color":"","overlay-opacity":"","overlay-gradient":""},"tablet":{"background-color":"","background-image":"","background-repeat":"repeat","background-position":"center center","background-size":"auto","background-attachment":"scroll","background-type":"","background-media":"","overlay-type":"","overlay-color":"","overlay-opacity":"","overlay-gradient":""},"mobile":{"background-color":"","background-image":"","background-repeat":"repeat","background-position":"center center","background-size":"auto","background-attachment":"scroll","background-type":"","background-media":"","overlay-type":"","overlay-color":"","overlay-opacity":"","overlay-gradient":""}},"ast-content-background-meta":{"desktop":{"background-color":"var(--ast-global-color-5)","background-image":"","background-repeat":"repeat","background-position":"center center","background-size":"auto","background-attachment":"scroll","background-type":"","background-media":"","overlay-type":"","overlay-color":"","overlay-opacity":"","overlay-gradient":""},"tablet":{"background-color":"var(--ast-global-color-5)","background-image":"","background-repeat":"repeat","background-position":"center center","background-size":"auto","background-attachment":"scroll","background-type":"","background-media":"","overlay-type":"","overlay-color":"","overlay-opacity":"","overlay-gradient":""},"mobile":{"background-color":"var(--ast-global-color-5)","background-image":"","background-repeat":"repeat","background-position":"center center","background-size":"auto","background-attachment":"scroll","background-type":"","background-media":"","overlay-type":"","overlay-color":"","overlay-opacity":"","overlay-gradient":""}}},"product_brand":[],"product_cat":[32],"product_tag":[56],"class_list":{"0":"post-490","1":"product","2":"type-product","3":"status-publish","4":"has-post-thumbnail","6":"product_cat-qer-beauty-cosmetics","7":"product_tag-brasil","8":"desktop-align-center","9":"tablet-align-center","10":"mobile-align-center","12":"first","13":"instock","14":"shipping-taxable","15":"product-type-simple"},"acf":[],"_links":{"self":[{"href":"https:\/\/griffuscosmetics.com\/pt\/wp-json\/wp\/v2\/product\/490","targetHints":{"allow":["GET"]}}],"collection":[{"href":"https:\/\/griffuscosmetics.com\/pt\/wp-json\/wp\/v2\/product"}],"about":[{"href":"https:\/\/griffuscosmetics.com\/pt\/wp-json\/wp\/v2\/types\/product"}],"replies":[{"embeddable":true,"href":"https:\/\/griffuscosmetics.com\/pt\/wp-json\/wp\/v2\/comments?post=490"}],"wp:featuredmedia":[{"embeddable":true,"href":"https:\/\/griffuscosmetics.com\/pt\/wp-json\/wp\/v2\/media\/1351"}],"wp:attachment":[{"href":"https:\/\/griffuscosmetics.com\/pt\/wp-json\/wp\/v2\/media?parent=490"}],"wp:term":[{"taxonomy":"product_brand","embeddable":true,"href":"https:\/\/griffuscosmetics.com\/pt\/wp-json\/wp\/v2\/product_brand?post=490"},{"taxonomy":"product_cat","embeddable":true,"href":"https:\/\/griffuscosmetics.com\/pt\/wp-json\/wp\/v2\/product_cat?post=490"},{"taxonomy":"product_tag","embeddable":true,"href":"https:\/\/griffuscosmetics.com\/pt\/wp-json\/wp\/v2\/product_tag?post=490"}],"curies":[{"name":"wp","href":"https:\/\/api.w.org\/{rel}","templated":true}]}}