{"id":691,"date":"2021-08-06T19:03:24","date_gmt":"2021-08-06T19:03:24","guid":{"rendered":"https:\/\/griffuscosmetics.com\/?post_type=product&#038;p=691"},"modified":"2026-03-12T12:35:08","modified_gmt":"2026-03-12T12:35:08","slug":"de-repente-sereia","status":"publish","type":"product","link":"https:\/\/griffuscosmetics.com\/pt\/produto\/de-repente-sereia\/","title":{"rendered":"DE REPENTE SEREIA"},"content":{"rendered":"<p><strong>CABELOS HIDRATADOS E COM BRILHO!<\/strong><\/p>\n<p>A linha De Repente Sereia Griffus \u00e9 enriquecida com ativos de alto \u00edndice de naturalidade a combina\u00e7\u00e3o de \u00d3leo de Jojoba e Complexo de Amino\u00e1cidos recupera os fios do desgaste causado pela exposi\u00e7\u00e3o intensa ao sol, vento, \u00e1gua do mar e piscina. Livre de parabenos e \u00f3leo mineral.<\/p>\n<p>A Parafina Aceleradora de Bronzeado De Repente Sereia Griffus \u00e9 enriquecida com Extrato de Cenoura e \u00d3leo de Urucum. Evita a forma\u00e7\u00e3o de radicais livres, possui a\u00e7\u00e3o antioxidante e \u00e9 dermatologicamente testada.<\/p>","protected":false},"excerpt":{"rendered":"<p>CABELOS HIDRATADOS E COM BRILHO! A linha De Repente Sereia Griffus \u00e9 enriquecida com ativos de alto \u00edndice de naturalidade a combina\u00e7\u00e3o de \u00d3leo de Jojoba e Complexo de Amino\u00e1cidos recupera os fios do desgaste causado pela exposi\u00e7\u00e3o intensa ao sol, vento, \u00e1gua do mar e piscina. Livre de parabenos e \u00f3leo mineral. A Parafina [&hellip;]<\/p>","protected":false},"featured_media":1345,"comment_status":"open","ping_status":"closed","template":"","meta":{"_acf_changed":false,"site-sidebar-layout":"default","site-content-layout":"default","ast-site-content-layout":"default","site-content-style":"default","site-sidebar-style":"default","ast-global-header-display":"","ast-banner-title-visibility":"","ast-main-header-display":"","ast-hfb-above-header-display":"","ast-hfb-below-header-display":"","ast-hfb-mobile-header-display":"","site-post-title":"","ast-breadcrumbs-content":"","ast-featured-img":"","footer-sml-layout":"","ast-disable-related-posts":"","theme-transparent-header-meta":"default","adv-header-id-meta":"","stick-header-meta":"default","header-above-stick-meta":"","header-main-stick-meta":"","header-below-stick-meta":"","astra-migrate-meta-layouts":"set","ast-page-background-enabled":"default","ast-page-background-meta":{"desktop":{"background-color":"","background-image":"","background-repeat":"repeat","background-position":"center center","background-size":"auto","background-attachment":"scroll","background-type":"","background-media":"","overlay-type":"","overlay-color":"","overlay-opacity":"","overlay-gradient":""},"tablet":{"background-color":"","background-image":"","background-repeat":"repeat","background-position":"center center","background-size":"auto","background-attachment":"scroll","background-type":"","background-media":"","overlay-type":"","overlay-color":"","overlay-opacity":"","overlay-gradient":""},"mobile":{"background-color":"","background-image":"","background-repeat":"repeat","background-position":"center center","background-size":"auto","background-attachment":"scroll","background-type":"","background-media":"","overlay-type":"","overlay-color":"","overlay-opacity":"","overlay-gradient":""}},"ast-content-background-meta":{"desktop":{"background-color":"var(--ast-global-color-5)","background-image":"","background-repeat":"repeat","background-position":"center center","background-size":"auto","background-attachment":"scroll","background-type":"","background-media":"","overlay-type":"","overlay-color":"","overlay-opacity":"","overlay-gradient":""},"tablet":{"background-color":"var(--ast-global-color-5)","background-image":"","background-repeat":"repeat","background-position":"center center","background-size":"auto","background-attachment":"scroll","background-type":"","background-media":"","overlay-type":"","overlay-color":"","overlay-opacity":"","overlay-gradient":""},"mobile":{"background-color":"var(--ast-global-color-5)","background-image":"","background-repeat":"repeat","background-position":"center center","background-size":"auto","background-attachment":"scroll","background-type":"","background-media":"","overlay-type":"","overlay-color":"","overlay-opacity":"","overlay-gradient":""}}},"product_brand":[],"product_cat":[40],"product_tag":[56],"class_list":{"0":"post-691","1":"product","2":"type-product","3":"status-publish","4":"has-post-thumbnail","6":"product_cat-de-repente-sereia","7":"product_tag-brasil","8":"desktop-align-center","9":"tablet-align-center","10":"mobile-align-center","12":"first","13":"instock","14":"shipping-taxable","15":"product-type-simple"},"acf":[],"_links":{"self":[{"href":"https:\/\/griffuscosmetics.com\/pt\/wp-json\/wp\/v2\/product\/691","targetHints":{"allow":["GET"]}}],"collection":[{"href":"https:\/\/griffuscosmetics.com\/pt\/wp-json\/wp\/v2\/product"}],"about":[{"href":"https:\/\/griffuscosmetics.com\/pt\/wp-json\/wp\/v2\/types\/product"}],"replies":[{"embeddable":true,"href":"https:\/\/griffuscosmetics.com\/pt\/wp-json\/wp\/v2\/comments?post=691"}],"wp:featuredmedia":[{"embeddable":true,"href":"https:\/\/griffuscosmetics.com\/pt\/wp-json\/wp\/v2\/media\/1345"}],"wp:attachment":[{"href":"https:\/\/griffuscosmetics.com\/pt\/wp-json\/wp\/v2\/media?parent=691"}],"wp:term":[{"taxonomy":"product_brand","embeddable":true,"href":"https:\/\/griffuscosmetics.com\/pt\/wp-json\/wp\/v2\/product_brand?post=691"},{"taxonomy":"product_cat","embeddable":true,"href":"https:\/\/griffuscosmetics.com\/pt\/wp-json\/wp\/v2\/product_cat?post=691"},{"taxonomy":"product_tag","embeddable":true,"href":"https:\/\/griffuscosmetics.com\/pt\/wp-json\/wp\/v2\/product_tag?post=691"}],"curies":[{"name":"wp","href":"https:\/\/api.w.org\/{rel}","templated":true}]}}